{"id":7,"date":"2026-02-22T15:46:06","date_gmt":"2026-02-22T14:46:06","guid":{"rendered":"https:\/\/strick-gmbh.de\/?page_id=7"},"modified":"2026-02-22T16:05:16","modified_gmt":"2026-02-22T15:05:16","slug":"strick-gmbh","status":"publish","type":"page","link":"https:\/\/strick-gmbh.de\/","title":{"rendered":"Strick GmbH"},"content":{"rendered":"\n<div class=\"wp-block-group alignfull has-global-padding is-layout-constrained wp-block-group-is-layout-constrained\" style=\"padding-top:var(--wp--preset--spacing--70);padding-bottom:var(--wp--preset--spacing--70)\">\n<div class=\"wp-block-columns alignwide are-vertically-aligned-center is-layout-flex wp-container-core-columns-is-layout-643ced6b wp-block-columns-is-layout-flex\">\n<div class=\"wp-block-column is-vertically-aligned-center is-layout-flow wp-block-column-is-layout-flow\">\n<figure class=\"wp-block-image aligncenter size-full has-custom-border is-style-default\"><img loading=\"lazy\" decoding=\"async\" width=\"2560\" height=\"1677\" src=\"https:\/\/strick-gmbh.de\/wp-content\/uploads\/2026\/02\/visitenkarte-vorne-01-scaled.png\" alt=\"Strick Gmbh Visitenkarte\" class=\"has-border-color wp-image-9\" style=\"border-color:#69696942;border-width:1px;border-top-left-radius:20px;border-top-right-radius:20px;border-bottom-left-radius:20px;border-bottom-right-radius:20px;object-fit:cover\" srcset=\"https:\/\/strick-gmbh.de\/wp-content\/uploads\/2026\/02\/visitenkarte-vorne-01-scaled.png 2560w, https:\/\/strick-gmbh.de\/wp-content\/uploads\/2026\/02\/visitenkarte-vorne-01-300x197.png 300w, https:\/\/strick-gmbh.de\/wp-content\/uploads\/2026\/02\/visitenkarte-vorne-01-1024x671.png 1024w, https:\/\/strick-gmbh.de\/wp-content\/uploads\/2026\/02\/visitenkarte-vorne-01-768x503.png 768w, https:\/\/strick-gmbh.de\/wp-content\/uploads\/2026\/02\/visitenkarte-vorne-01-1536x1006.png 1536w, https:\/\/strick-gmbh.de\/wp-content\/uploads\/2026\/02\/visitenkarte-vorne-01-2048x1342.png 2048w\" sizes=\"auto, (max-width: 2560px) 100vw, 2560px\" \/><\/figure>\n<\/div>\n\n\n\n<div class=\"wp-block-column is-vertically-aligned-center is-layout-flow wp-block-column-is-layout-flow\">\n<div class=\"wp-block-group is-vertical is-content-justification-stretch is-layout-flex wp-container-core-group-is-layout-353c4f5a wp-block-group-is-layout-flex\">\n<h2 class=\"wp-block-heading has-text-align-left\">Strick GmbH<\/h2>\n\n\n\n<p>Meisterbetrieb f\u00fcr Heizung und Sanit\u00e4r<\/p>\n\n\n\n<p>Eldernstra\u00dfe 55 <br>53909 Z\u00fclpich-B\u00fcrvenich<\/p>\n\n\n\n<p>Tel: <a href=\"tel:02425418\">02425 &#8211; 418<\/a><br>FAX: 02425 &#8211; 7368<br>E-Mail: <a href=\"mailto:info@strick-gmbh.de\">info@strick-gmbh.de<\/a><br>Web: <a href=\"https:\/\/strick-gmbh.de\/\" data-type=\"page\" data-id=\"7\">strick-gmbh.de<\/a><\/p>\n<\/div>\n<\/div>\n<\/div>\n<\/div>\n\n\n\n<p><\/p>\n","protected":false},"excerpt":{"rendered":"<p>Strick GmbH Meisterbetrieb f\u00fcr Heizung und Sanit\u00e4r Eldernstra\u00dfe 55 53909 Z\u00fclpich-B\u00fcrvenich Tel: 02425 &#8211; 418FAX: 02425 &#8211; 7368E-Mail: info@strick-gmbh.deWeb: strick-gmbh.de<\/p>\n","protected":false},"author":1,"featured_media":0,"parent":0,"menu_order":0,"comment_status":"closed","ping_status":"closed","template":"","meta":{"footnotes":""},"class_list":["post-7","page","type-page","status-publish","hentry"],"_links":{"self":[{"href":"https:\/\/strick-gmbh.de\/index.php?rest_route=\/wp\/v2\/pages\/7","targetHints":{"allow":["GET"]}}],"collection":[{"href":"https:\/\/strick-gmbh.de\/index.php?rest_route=\/wp\/v2\/pages"}],"about":[{"href":"https:\/\/strick-gmbh.de\/index.php?rest_route=\/wp\/v2\/types\/page"}],"author":[{"embeddable":true,"href":"https:\/\/strick-gmbh.de\/index.php?rest_route=\/wp\/v2\/users\/1"}],"replies":[{"embeddable":true,"href":"https:\/\/strick-gmbh.de\/index.php?rest_route=%2Fwp%2Fv2%2Fcomments&post=7"}],"version-history":[{"count":12,"href":"https:\/\/strick-gmbh.de\/index.php?rest_route=\/wp\/v2\/pages\/7\/revisions"}],"predecessor-version":[{"id":29,"href":"https:\/\/strick-gmbh.de\/index.php?rest_route=\/wp\/v2\/pages\/7\/revisions\/29"}],"wp:attachment":[{"href":"https:\/\/strick-gmbh.de\/index.php?rest_route=%2Fwp%2Fv2%2Fmedia&parent=7"}],"curies":[{"name":"wp","href":"https:\/\/api.w.org\/{rel}","templated":true}]}}